{"id":412,"date":"2023-05-15T23:20:21","date_gmt":"2023-05-15T21:20:21","guid":{"rendered":"https:\/\/uhlig-lederwaren.de\/?page_id=412"},"modified":"2023-05-22T15:49:23","modified_gmt":"2023-05-22T13:49:23","slug":"impressum-datenschutz","status":"publish","type":"page","link":"https:\/\/uhlig-lederwaren.de\/?page_id=412","title":{"rendered":"Impressum &#038; Datenschutz"},"content":{"rendered":"\t\t<div data-elementor-type=\"wp-page\" data-elementor-id=\"412\" class=\"elementor elementor-412\">\n\t\t\t\t\t\t\t\t\t<section class=\"elementor-section elementor-top-section elementor-element elementor-element-73748de elementor-reverse-tablet elementor-reverse-mobile elementor-section-boxed elementor-section-height-default elementor-section-height-default\" data-id=\"73748de\" data-element_type=\"section\">\n\t\t\t\t\t\t<div class=\"elementor-container elementor-column-gap-default\">\n\t\t\t\t\t<div class=\"elementor-column elementor-col-66 elementor-top-column elementor-element elementor-element-568c3757\" data-id=\"568c3757\" data-element_type=\"column\">\n\t\t\t<div class=\"elementor-widget-wrap elementor-element-populated\">\n\t\t\t\t\t\t\t\t<div class=\"elementor-element elementor-element-225ad80 elementor-widget elementor-widget-heading\" data-id=\"225ad80\" data-element_type=\"widget\" data-widget_type=\"heading.default\">\n\t\t\t\t<div class=\"elementor-widget-container\">\n\t\t\t<style>\/*! elementor - v3.13.3 - 22-05-2023 *\/\n.elementor-heading-title{padding:0;margin:0;line-height:1}.elementor-widget-heading .elementor-heading-title[class*=elementor-size-]>a{color:inherit;font-size:inherit;line-height:inherit}.elementor-widget-heading .elementor-heading-title.elementor-size-small{font-size:15px}.elementor-widget-heading .elementor-heading-title.elementor-size-medium{font-size:19px}.elementor-widget-heading .elementor-heading-title.elementor-size-large{font-size:29px}.elementor-widget-heading .elementor-heading-title.elementor-size-xl{font-size:39px}.elementor-widget-heading .elementor-heading-title.elementor-size-xxl{font-size:59px}<\/style><h2 class=\"elementor-heading-title elementor-size-default\">Impressum &amp; Datenschutz<\/h2>\t\t<\/div>\n\t\t\t\t<\/div>\n\t\t\t\t<div class=\"elementor-element elementor-element-d144eda elementor-widget elementor-widget-text-editor\" data-id=\"d144eda\" data-element_type=\"widget\" data-widget_type=\"text-editor.default\">\n\t\t\t\t<div class=\"elementor-widget-container\">\n\t\t\t<style>\/*! elementor - v3.13.3 - 22-05-2023 *\/\n.elementor-widget-text-editor.elementor-drop-cap-view-stacked .elementor-drop-cap{background-color:#69727d;color:#fff}.elementor-widget-text-editor.elementor-drop-cap-view-framed .elementor-drop-cap{color:#69727d;border:3px solid;background-color:transparent}.elementor-widget-text-editor:not(.elementor-drop-cap-view-default) .elementor-drop-cap{margin-top:8px}.elementor-widget-text-editor:not(.elementor-drop-cap-view-default) .elementor-drop-cap-letter{width:1em;height:1em}.elementor-widget-text-editor .elementor-drop-cap{float:left;text-align:center;line-height:1;font-size:50px}.elementor-widget-text-editor .elementor-drop-cap-letter{display:inline-block}<\/style>\t\t\t\t<body>\n<table border=\"0\" cellspacing=\"0\" cellpadding=\"0\">\n  <tbody>\n    <tr valign=\"top\" align=\"left\">\n      <td width=\"864\"><br>\n        <table id=\"Tabelle4\" border=\"0\" cellspacing=\"2\" cellpadding=\"2\" width=\"100%\">\n          <tbody>\n            <tr>\n              <td width=\"187\"><p>Firmenname<\/p><\/td>\n              <td width=\"642\"><p align=\"left\">UHLIG LEDERWAREN-H\u00dcTE-SCHIRME<\/p><\/td>\n            <\/tr>\n            <tr>\n              <td><p>Adresse<\/p><\/td>\n              <td><p align=\"left\">Joh.-Phil.-Palm-Str. 20, 73614 Schorndorf<\/p><\/td>\n            <\/tr>\n            <tr>\n              <td><p>Sitz des Unternehmens<\/p><\/td>\n              <td><p align=\"left\">73614 Schorndorf<\/p><\/td>\n            <\/tr>\n            <tr>\n              <td><p>Unternehmensform<\/p><\/td>\n              <td><p align=\"left\">Einzelunternehmen<\/p><\/td>\n            <\/tr>\n            <tr>\n              <td><p>USt.-IdNr<\/p><\/td>\n              <td><p align=\"left\">DE 197 007 197<\/p><\/td>\n            <\/tr>\n            <tr>\n              <td><p>Firmeninhaber<\/p><\/td>\n              <td><p align=\"left\">Andreas Uhlig<\/p><\/td>\n            <\/tr>\n            <tr>\n              <td><p>Telefonnummer<\/p><\/td>\n              <td><p align=\"left\">07181 &#8211; 5790<\/p><\/td>\n            <\/tr>\n            <tr>\n              <td><p>Email<\/p><\/td>\n              <td><p align=\"left\">lederwaren@gmx.de<\/p><\/td>\n            <\/tr>\n            <tr>\n              <td valign=\"top\"><p>Preise<\/p><\/td>\n              <td><p align=\"left\">Sofern Preise auf dieser Homepage angegeben sind, enthalten diese die gesetzliche Mehrwertsteuer. \u00dcber unsere Homepage k\u00f6nnen Sie keinen Einkauf t\u00e4tigen.<\/p><\/td>\n            <\/tr>\n            <tr>\n              <td valign=\"top\"><p>Haftung<\/p><\/td>\n              <td><p align=\"left\">Die Website wurde mit gr\u00f6sstm\u00f6glicher Sorgfalt zusammengestellt. Trotzdem k\u00f6nnen wir f\u00fcr Fehlerfreiheit und Genauigkeit der enthaltenen Informationen nicht garantieren. Wir schliessen jegliche Haftung f\u00fcr Sch\u00e4den aus, die direkt oder indirekt aus der Benutzung dieser Website entstehen.<\/p><\/td>\n            <\/tr>\n            <tr>\n              <td valign=\"top\"><p>Darstellung<\/p><\/td>\n              <td><p align=\"left\">Durch die Digitalisierung von Daten k\u00f6nnen Fehler auftreten. Beim Einsatz unterschiedlicher Browser f\u00fcr das\u00a0<strong>W<\/strong>orld\u00a0<strong>W<\/strong>ide\u00a0<strong>W<\/strong>eb und aufgrund unterschiedlicher Software-Einstellungen kann es bei der Darstellung der Daten zu Abweichungen kommen. Farbabweichungen sind m\u00f6glich.<\/p><\/td>\n            <\/tr>\n            <tr>\n              <td valign=\"top\"><p>Rechte<\/p><\/td>\n              <td><p align=\"left\">Alle Rechte vorbehalten, soweit nicht Rechte Dritter gesetzlich und vertraglich ber\u00fchrt sind.<br>\n                Texte, Bilder, Grafiken, Gestaltung \/ Layout \/ Anordnung unterliegen dem Schutz des Urheberrechtes und aller anderen Schutzgesetze. Produktbilder erhalten wir von den mit uns zusammenarbeitenden Unternehmen.<\/p>\n                <p align=\"left\"><br>\n                  Bilder, die wir nicht von den Unternehmen gestellt bekommen, erstellen wir selbst oder downloaden wir von www.pixabay.com. Pixabay ist eine kreative Community, die Bilder frei von Urheberrechten mit anderen teilt. Alle Inhalte von Pixabay werden unter Creative Commons CC0 ver\u00f6ffentlicht, was eine sichere Verwendung, selbst f\u00fcr kommerzielle Zwecke, erm\u00f6glicht.<\/p>\n                <p align=\"left\"><br>\n                  Der Inhalt dieser Homepage darf nicht zu kommerziellen Zwecken kopiert, verbreitet, ver\u00e4ndert, eingesetzt (z.B. f\u00fcr Firmenpr\u00e4sentationen), in Datenbest\u00e4nden abgespeichert oder Dritten zug\u00e4nglich gemacht \/ vertrieben werden. Hierzu wird eine schriftliche Genehmigung des Herausgebers ben\u00f6tigt. Copyright by Fa. Uhlig, Joh.-Phil.-Palm-Str. 20, 73614 Schorndorf. Alle Warenzeichen und Copyrights auf dieser Homepage sind \u00a9 des jeweiligen Unternehmens.<\/p>\n<p align=\"left\"> \u00a0<\/p>\n                <p align=\"left\"> \u00a0<\/p><\/td>\n            <\/tr>\n            <tr>\n              <td valign=\"top\"><p align=\"left\">Datenschutzerkl\u00e4rung<\/p><\/td>\n              <td valign=\"top\"><p align=\"left\"><strong>Nachfolgende Informationen zum Datenschutz:<\/strong><\/p>\n                <p align=\"left\">Der Verantwortliche f\u00fcr den Datenschutz ist der Firmeninhaber. Die Kontaktadresse des Firmeninhabes finden Sie auf dieser Seite oben stehend.<br>\n                  Personenbezogene Daten bezeichnen alle Informationen, die direkt oder\u00a0 indirekt auf Sie pers\u00f6nlich beziehbar sind. Dazu z\u00e4hlen beispielsweise\u00a0 Ihr Name, Ihre Anschrift, Ihre E-Mail-Adresse, Online-Kennungen und Ihr Nutzerverhalten, wenn Sie durch diese Informationen oder Handlungen\u00a0 identifiziert werden oder identifiziert werden k\u00f6nnten.<br>\n                  Wir speichern keine Daten, da wir weder einen Web-Shop betreiben oder einen Newsletter versenden, Sie bei uns kein Kontaktformular finden, wir keinen Blog f\u00fchren, auch ein G\u00e4stebuch nicht anbieten, wir keine Fotos von Personen, die wir nicht von Firmen erhalten haben, ver\u00f6ffentlichen, wir Ihren Besuch auf unserer Webseite nicht protokollieren, Sie sich bei uns auch nicht registrieren k\u00f6nnen und wir s\u00e4mtliche weiteren Formen der Datenerfassung nicht betreiben.<\/p>\n                <p align=\"left\">\u00a0<\/p>\n                <p align=\"left\"><strong>W\u00fcrden wir eine der oben genannten Serviceleistungen oder Kontaktm\u00f6glichkeiten anbieten, h\u00e4tten Sie als Betroffener im Sinne der DGSVO folgende Rechte:<\/strong><\/p>\n<ul>\n                  <li align=\"left\">Auskunftsrecht (Art. 15 DSGVO)<\/li>\n                  <li align=\"left\">Recht auf Berichtigung (Art. 16 DSGVO)<\/li>\n                  <li align=\"left\">Recht auf L\u00f6schung (Art. 17 DSGVO)<\/li>\n                  <li align=\"left\">Recht auf Einschr\u00e4nkung der Verarbeitung (Art. 18 DSGVO)<\/li>\n                  <li align=\"left\">Recht auf Daten\u00fcbertragbarkeit (Art. 20 DSGVO)<\/li>\n                  <li align=\"left\">Widerspruchsrecht (Art. 21 DSGVO)<\/li>\n                  <li align=\"left\">Recht auf Beschwerde bei einer Aufsichtsbeh\u00f6rde (Art. 77 DSGVO)<\/li>\n                <\/ul>\n                <p align=\"left\">\u00a0<\/p>\n                <p align=\"left\"><strong>Unser Provider sammelt von Ihnen Daten wie folgt:<\/strong><\/p>\n<ul>\n                  <li align=\"left\">IP-Adresse<\/li>\n                  <li align=\"left\">Betriebssystem<\/li>\n                  <li align=\"left\">Browsertyp und -version<\/li>\n                  <li align=\"left\">Name des Access-Providers<\/li>\n                  <li align=\"left\">Datum und Uhrzeit des Zugriffs<\/li>\n                  <li align=\"left\">Webseite von der aus der Zugriff erfolgt (Referrer-URL)<\/li>\n                  <li align=\"left\">Name und\/oder URL der auf- bzw. abgerufenen Datei(en)<\/li>\n                <\/ul>\n                <p align=\"left\">\u00a0<\/p>\n                <p align=\"left\"><strong>Die Daten werden durch den Provider zu folgenden Zwecken verarbeitet:<\/strong><\/p>\n<ul>\n                  <li align=\"left\">Zu administrativen Zwecken<\/li>\n                  <li align=\"left\">Richtige Darstellung der Website<\/li>\n                  <li align=\"left\">Sicherer Verbindungsaufbau zur Webseite<\/li>\n                  <li align=\"left\">Auswertung der Sicherheit und Stabilit\u00e4t der Webseite<\/li>\n                <\/ul>\n                <p align=\"left\">Eine Auswertung der Daten zu Marketingzwecken findet nicht statt. Falls Sie weitere Fragen haben setzen wir uns mit unserem Provider in Verbindung.<\/p>\n                <p align=\"left\">\u00a0<\/p>\n                <p align=\"left\"><strong>Wir speichern keine Cookies auf Ihrem Computer. Zur \u00dcberpr\u00fcfung empfehlen wir Ihnen z.B. beim Browser FIREFOX folgende Vorgehensweise: Gehen Sie die aufgez\u00e4hlten Schritte Punkt f\u00fcr Punkt durch.<\/strong><\/p>\n<ul>\n                  <li align=\"left\">Klicken Sie auf den Reiter \u201cExtras\u201d<\/li>\n                  <li align=\"left\">Klicken Sie auf \u201cSeiteninformation\u201d<\/li>\n                  <li align=\"left\">Klicken Sie auf \u201cSicherheit\u201d. Unter Datenschutz &#038; Chronik k\u00f6nnen Sie erkennen, wie oft Sie diese Seite schon besucht haben und ob Cookies sowie Kennw\u00f6rter gespeichert werden.<\/li>\n                <\/ul>\n                <p align=\"left\">Des Weiteren gibt es im Internet Webseiten, die sich auf die \u00dcberpr\u00fcfung anderer Webseiten spezialisiert haben, ob diese Cookies verwenden. Diese Webseiten z.B. sogenannte \u201cCookie-Checker\u201d sind frei zug\u00e4nglich.<\/p>\n                <p align=\"left\">\u00a0<\/p>\n                <p align=\"left\"><strong>Links zu Drittanbietern<\/strong><\/p>\n<p align=\"left\">Auf unserer Webseite finden Sie Verlinkungen zu Webseiten von Drittanbietern. Diese Webseiten unterliegen deren eigenen Datenschutzbestimmungen. Wir sind f\u00fcr deren Betrieb einschlie\u00dflich der Datenhandhabung nicht verantwortlich. Bedenken Sie, dass Sie Ihre Daten an Drittanbieter weitergeben. Wir empfehlen Ihnen die Datenschutzhinweise dieser Webseiten zu lesen.<\/p>\n                <p align=\"left\">\u00a0<\/p>\n                <p align=\"left\"><strong>Zahlungsverkehr<\/strong><\/p>\n<p align=\"left\">\u00dcber unsere Webseite k\u00f6nnen Sie keine Zahlungen vornehmen. In unserem Ladengesch\u00e4ft, Adresse s.o., akzeptieren wir auch den bargeldlosen Zahlungsverkehr. Wir arbeiten mit Concardis und Worldline (ehm. Paysquare) zusammen.<\/p>\n                <p align=\"left\"><br>\n                  In diesem Rahmen werden neben Kaufbetrag und Datum auch Kartendaten an die oben genannten Unternehmen \u00fcbermittelt.<\/p>\n                <p align=\"left\"><br>\n                  S\u00e4mtliche Zahlungsdaten sowie Daten zu eventuell auftretenden\u00a0 R\u00fcckbelastungen werden nur solange gespeichert, wie sie f\u00fcr die\u00a0 Zahlungsabwicklung (einschlie\u00dflich der Bearbeitung von m\u00f6glichen\u00a0 R\u00fccklastschriften und dem Forderungseinzug) und zur\u00a0 Missbrauchsbek\u00e4mpfung ben\u00f6tigt werden. \u00dcber die Dauer der Speicherung geben die genannten Unternehmen Auskunft. Sollten Sie Fragen hierzu haben, setzen wir uns gerne f\u00fcr Sie mit Concardis oder Worldline in Verbindung.<br>\n                  Dar\u00fcber hinaus kann eine weitere Speicherung erfolgen, sofern und\u00a0 solange dies zur Einhaltung einer gesetzlichen Aufbewahrungsfrist oder\u00a0 zur Verfolgung eines konkreten Missbrauchsfalls erforderlich ist.\u00a0 Rechtsgrundlage f\u00fcr die Datenverarbeitung ist Art. 6 Abs. 1f)\u00a0 Datenschutz-Grundverordnung.<br>\n                  Sie k\u00f6nnen Auskunft und ggf. Berichtigung oder L\u00f6schung sowie die\u00a0 Einschr\u00e4nkung der Verarbeitung Ihrer Daten verlangen und\/oder ggf. der\u00a0 Verarbeitung Ihrer Daten widersprechen. Bei Fragen zur Datenverarbeitung oder zur Geltendmachung Ihrer vorgenannten Rechte\u00a0 k\u00f6nnen Sie sich an den Datenschutzbeauftragten von Concardis und Worldline wenden.<br>\n                  Auf Wunsch k\u00f6nnen wir diese Aufgabe f\u00fcr Sie \u00fcbernehmen.<br>\n                  Des Weiteren haben Sie das Recht, sich bei einer Aufsichtsbeh\u00f6rde\u00a0 (in Deutschland bei den Landesdatenschutzbeauftragten) zu beschweren.\u00a0 Wir weisen darauf hin, dass die Bereitstellung der Zahlungsdaten weder\u00a0 gesetzlich noch vertraglich vorgeschrieben ist. Wenn Sie Ihre\u00a0 Zahlungsdaten nicht bereitstellen wollen, k\u00f6nnen Sie ein anderes\u00a0 Zahlungsverfahren (z. B. Barzahlung) verwenden.<\/p>\n                <p align=\"left\">\u00a0<\/p>\n                <p align=\"left\"><strong>Reklamationen und Bestellungen<\/strong><\/p>\n<p align=\"left\">\u00dcber unsere Webseite k\u00f6nnen Sie keine Reklamationen anmelden oder Bestellungen t\u00e4tigen.<br>\n                  In unserem Ladengesch\u00e4ft, Adresse s.o., haben diese M\u00f6glichkeit.<br>\n                  Die von uns verwendeten Formulare zur Reklamations- bzw. Bestellaufnahme erm\u00f6glichen Ihnen, durch ankreuzen eines deutlich erkennbaren Feldes, der Datenspeicherung zu widersprechen.<br>\n                  Die personenbezogenen Daten tragen Sie selbst ein, dass \u00fcbernehmen wir nicht f\u00fcr Sie. Da wir die Richtigkeit Ihrer personenbezogenen Daten nicht \u00fcberpr\u00fcfen, sind Sie f\u00fcr die korrekten Angaben verantwortlich.<br>\n                  Mit Ihrer Unterschrift erteilen Sie uns den Auftrag zur Abwicklung Ihrer Reklamation bzw. Bestellung. Im Rahmen dieser T\u00e4tigkeit n\u00fctzen wir die von Ihnen angegebenen Daten um z.B. bei eventuellen R\u00fcckfragen Sie kontaktieren zu k\u00f6nnen. Sollten Sie, wie bereits erw\u00e4hnt, der Datenspeicherung widersprochen haben werden diese Daten nach Abschluss des Auftrages nicht gespeichert.<\/p>\n                <p align=\"left\">\u00a0<\/p>\n                <p align=\"left\"><strong>EMailverkehr<\/strong><\/p>\n<p align=\"left\">Senden Sie uns eine Email, so werden wir Ihre Email Adresse(n) und\/oder\u00a0 Ihre station\u00e4re Adresse(n) nur zur Verarbeitung des Vorganges und\/oder\u00a0 Ihrer Anfrage verwenden. Nach Abschluss des Vorganges und\/oder der\u00a0 Anfrage(n) werden wir keine externe Datensicherung vornehmen, sondern\u00a0 gem\u00e4\u00df den Einstellungen unseres Email-Anbieters werden Ihre Emails\u00a0 innerhalb des festgelegten Zeitraumes automatisch gel\u00f6scht. Erhalten Sie von uns eine Email die nicht f\u00fcr Sie bestimmt ist, d\u00fcrfen Sie diese nicht speichern, sondern haben sie unverz\u00fcglich zu l\u00f6schen und uns dar\u00fcber in Kenntnis zu setzen. Eine Weitergabe des Inhaltes dieser Email ist ebenfalls nicht gestattet und kann strafrechtlich verfolgt werden. In unseren Emails finden Sie neben den Firmendaten auch einen Link zum Datenschutz.<\/p>\n                <p align=\"left\">\u00a0<\/p>\n                <p align=\"left\"><strong>\u00c4nderung der Datenschutzerkl\u00e4rung:<\/strong><\/p>\n<p align=\"left\">Wir behalten uns vor, die Datenschutzerkl\u00e4rung zu \u00e4ndern, um sie an\u00a0 ge\u00e4nderte Rechtsgrundlagen, oder bei \u00c4nderungen des Dienstes sowie der\u00a0 Datenverarbeitung anzupassen. Bitte informieren Sie sich\u00a0 regelm\u00e4\u00dfig \u00fcber den Inhalt der Datenschutzerkl\u00e4rung.<\/p><\/td>\n            <\/tr>\n          <\/tbody>\n        <\/table><\/td>\n    <\/tr>\n  <\/tbody>\n<\/table>\n<\/body>\t\t\t\t\t\t<\/div>\n\t\t\t\t<\/div>\n\t\t\t\t\t<\/div>\n\t\t<\/div>\n\t\t\t\t<div class=\"elementor-column elementor-col-33 elementor-top-column elementor-element elementor-element-1a3edb54\" data-id=\"1a3edb54\" data-element_type=\"column\">\n\t\t\t<div class=\"elementor-widget-wrap elementor-element-populated\">\n\t\t\t\t\t\t\t\t<div class=\"elementor-element elementor-element-e0a2af6 elementor-widget__width-initial elementor-absolute elementor-widget-tablet__width-initial elementor-widget-mobile__width-initial elementor-widget elementor-widget-spacer\" data-id=\"e0a2af6\" data-element_type=\"widget\" data-settings=\"{&quot;motion_fx_motion_fx_scrolling&quot;:&quot;yes&quot;,&quot;_position&quot;:&quot;absolute&quot;,&quot;motion_fx_rotateZ_effect&quot;:&quot;yes&quot;,&quot;motion_fx_rotateZ_direction&quot;:&quot;negative&quot;,&quot;motion_fx_rotateZ_speed&quot;:{&quot;unit&quot;:&quot;px&quot;,&quot;size&quot;:&quot;10&quot;,&quot;sizes&quot;:[]},&quot;motion_fx_rotateZ_affectedRange&quot;:{&quot;unit&quot;:&quot;%&quot;,&quot;size&quot;:&quot;&quot;,&quot;sizes&quot;:{&quot;start&quot;:&quot;0&quot;,&quot;end&quot;:&quot;37&quot;}},&quot;motion_fx_devices&quot;:[&quot;desktop&quot;,&quot;tablet&quot;,&quot;mobile&quot;]}\" data-widget_type=\"spacer.default\">\n\t\t\t\t<div class=\"elementor-widget-container\">\n\t\t\t<style>\/*! elementor - v3.13.3 - 22-05-2023 *\/\n.elementor-column .elementor-spacer-inner{height:var(--spacer-size)}.e-con{--container-widget-width:100%}.e-con-inner>.elementor-widget-spacer,.e-con>.elementor-widget-spacer{width:var(--container-widget-width,var(--spacer-size));--align-self:var(--container-widget-align-self,initial);--flex-shrink:0}.e-con-inner>.elementor-widget-spacer>.elementor-widget-container,.e-con-inner>.elementor-widget-spacer>.elementor-widget-container>.elementor-spacer,.e-con>.elementor-widget-spacer>.elementor-widget-container,.e-con>.elementor-widget-spacer>.elementor-widget-container>.elementor-spacer{height:100%}.e-con-inner>.elementor-widget-spacer>.elementor-widget-container>.elementor-spacer>.elementor-spacer-inner,.e-con>.elementor-widget-spacer>.elementor-widget-container>.elementor-spacer>.elementor-spacer-inner{height:var(--container-widget-height,var(--spacer-size))}<\/style>\t\t<div class=\"elementor-spacer\">\n\t\t\t<div class=\"elementor-spacer-inner\"><\/div>\n\t\t<\/div>\n\t\t\t\t<\/div>\n\t\t\t\t<\/div>\n\t\t\t\t<div class=\"elementor-element elementor-element-2f17e810 elementor-widget__width-initial elementor-absolute elementor-widget-tablet__width-initial elementor-widget-mobile__width-initial elementor-widget elementor-widget-spacer\" data-id=\"2f17e810\" data-element_type=\"widget\" data-settings=\"{&quot;_position&quot;:&quot;absolute&quot;}\" data-widget_type=\"spacer.default\">\n\t\t\t\t<div class=\"elementor-widget-container\">\n\t\t\t\t\t<div class=\"elementor-spacer\">\n\t\t\t<div class=\"elementor-spacer-inner\"><\/div>\n\t\t<\/div>\n\t\t\t\t<\/div>\n\t\t\t\t<\/div>\n\t\t\t\t<div class=\"elementor-element elementor-element-49e8c98c elementor-widget__width-initial elementor-absolute elementor-widget-tablet__width-initial elementor-widget-mobile__width-initial elementor-widget elementor-widget-spacer\" data-id=\"49e8c98c\" data-element_type=\"widget\" data-settings=\"{&quot;_position&quot;:&quot;absolute&quot;}\" data-widget_type=\"spacer.default\">\n\t\t\t\t<div class=\"elementor-widget-container\">\n\t\t\t\t\t<div class=\"elementor-spacer\">\n\t\t\t<div class=\"elementor-spacer-inner\"><\/div>\n\t\t<\/div>\n\t\t\t\t<\/div>\n\t\t\t\t<\/div>\n\t\t\t\t<div class=\"elementor-element elementor-element-17cb5bfe elementor-widget__width-initial elementor-absolute elementor-widget-tablet__width-initial elementor-widget-mobile__width-initial elementor-widget elementor-widget-spacer\" data-id=\"17cb5bfe\" data-element_type=\"widget\" data-settings=\"{&quot;_position&quot;:&quot;absolute&quot;}\" data-widget_type=\"spacer.default\">\n\t\t\t\t<div class=\"elementor-widget-container\">\n\t\t\t\t\t<div class=\"elementor-spacer\">\n\t\t\t<div class=\"elementor-spacer-inner\"><\/div>\n\t\t<\/div>\n\t\t\t\t<\/div>\n\t\t\t\t<\/div>\n\t\t\t\t<div class=\"elementor-element elementor-element-27695216 elementor-widget__width-initial elementor-absolute elementor-widget-tablet__width-initial elementor-widget-mobile__width-initial elementor-widget elementor-widget-spacer\" data-id=\"27695216\" data-element_type=\"widget\" data-settings=\"{&quot;_position&quot;:&quot;absolute&quot;}\" data-widget_type=\"spacer.default\">\n\t\t\t\t<div class=\"elementor-widget-container\">\n\t\t\t\t\t<div class=\"elementor-spacer\">\n\t\t\t<div class=\"elementor-spacer-inner\"><\/div>\n\t\t<\/div>\n\t\t\t\t<\/div>\n\t\t\t\t<\/div>\n\t\t\t\t<div class=\"elementor-element elementor-element-3a0cdd06 elementor-widget__width-initial elementor-absolute elementor-widget-tablet__width-initial elementor-widget-mobile__width-initial elementor-widget elementor-widget-spacer\" data-id=\"3a0cdd06\" data-element_type=\"widget\" data-settings=\"{&quot;_position&quot;:&quot;absolute&quot;}\" data-widget_type=\"spacer.default\">\n\t\t\t\t<div class=\"elementor-widget-container\">\n\t\t\t\t\t<div class=\"elementor-spacer\">\n\t\t\t<div class=\"elementor-spacer-inner\"><\/div>\n\t\t<\/div>\n\t\t\t\t<\/div>\n\t\t\t\t<\/div>\n\t\t\t\t\t<\/div>\n\t\t<\/div>\n\t\t\t\t\t\t\t<\/div>\n\t\t<\/section>\n\t\t\t\t\t\t\t<\/div>\n\t\t","protected":false},"excerpt":{"rendered":"<p>Impressum &amp; Datenschutz Firmenname UHLIG LEDERWAREN-H\u00dcTE-SCHIRME Adresse Joh.-Phil.-Palm-Str. 20, 73614 Schorndorf Sitz des Unternehmens 73614 Schorndorf Unternehmensform Einzelunternehmen USt.-IdNr DE 197 007 197 Firmeninhaber Andreas Uhlig<span class=\"excerpt-hellip\"> [\u2026]<\/span><\/p>\n","protected":false},"author":1,"featured_media":0,"parent":0,"menu_order":0,"comment_status":"closed","ping_status":"closed","template":"elementor_header_footer","meta":{"footnotes":""},"class_list":["post-412","page","type-page","status-publish","hentry"],"jetpack_sharing_enabled":true,"_links":{"self":[{"href":"https:\/\/uhlig-lederwaren.de\/index.php?rest_route=\/wp\/v2\/pages\/412","targetHints":{"allow":["GET"]}}],"collection":[{"href":"https:\/\/uhlig-lederwaren.de\/index.php?rest_route=\/wp\/v2\/pages"}],"about":[{"href":"https:\/\/uhlig-lederwaren.de\/index.php?rest_route=\/wp\/v2\/types\/page"}],"author":[{"embeddable":true,"href":"https:\/\/uhlig-lederwaren.de\/index.php?rest_route=\/wp\/v2\/users\/1"}],"replies":[{"embeddable":true,"href":"https:\/\/uhlig-lederwaren.de\/index.php?rest_route=%2Fwp%2Fv2%2Fcomments&post=412"}],"version-history":[{"count":11,"href":"https:\/\/uhlig-lederwaren.de\/index.php?rest_route=\/wp\/v2\/pages\/412\/revisions"}],"predecessor-version":[{"id":3181,"href":"https:\/\/uhlig-lederwaren.de\/index.php?rest_route=\/wp\/v2\/pages\/412\/revisions\/3181"}],"wp:attachment":[{"href":"https:\/\/uhlig-lederwaren.de\/index.php?rest_route=%2Fwp%2Fv2%2Fmedia&parent=412"}],"curies":[{"name":"wp","href":"https:\/\/api.w.org\/{rel}","templated":true}]}}